{"id":350084,"date":"2019-03-21T18:43:45","date_gmt":"2019-03-21T16:43:45","guid":{"rendered":"https:\/\/proyllas.fi\/wp\/?page_id=350084"},"modified":"2021-05-10T18:26:14","modified_gmt":"2021-05-10T16:26:14","slug":"meista","status":"publish","type":"page","link":"https:\/\/proyllas.fi\/wp\/meista\/","title":{"rendered":"Meist\u00e4"},"content":{"rendered":"<div id=\"fb-root\"><\/div>\n<p>[vc_row row_type=&#8221;row&#8221; use_row_as_full_screen_section=&#8221;no&#8221; type=&#8221;full_width&#8221; text_align=&#8221;left&#8221; box_shadow_on_row=&#8221;no&#8221;][vc_column width=&#8221;3\/4&#8243;][vc_column_text]<\/p>\n<h1>Pro Yll\u00e4s &#8211; Yll\u00e4s ilman kaivoksia<\/h1>\n<h2>Lapin puhtaan luonnon puolesta<\/h2>\n<p><strong>Pro Yll\u00e4s &#8211; Yll\u00e4s ilman kaivoksia<\/strong> yhdist\u00e4\u00e4 kaikki alueen toimijat Hannukaisen kaivoksen vastaisessa taistelussa.<\/p>\n<h2>Yhdistykset<\/h2>\n<p><strong>\u00c4k\u00e4slompolon kyl\u00e4yhdistys ry<\/strong><br \/>\n\u00c4k\u00e4slompolon kyl\u00e4yhdistys on yhteys kuntaan kyl\u00e4n yhteisiss\u00e4 asioissa ja toimii <a href=\"https:\/\/proyllas.fi\/wp\/auta-meita\/lahjoita\/\">Pro Yll\u00e4ksen rahanker\u00e4yksess\u00e4<\/a> vastaavana tahona. Kyl\u00e4yhdistys pit\u00e4\u00e4 huolta kyl\u00e4n asukkaiden hyvinvoinnista, tarpeista ja kehitystoiveista.<\/p>\n<p><strong>Yll\u00e4ksen Yst\u00e4v\u00e4t ry<\/strong><br \/>\nYhdistyksen tarkoituksena on kunnioittaa ja vaalia Yll\u00e4ksen alueen ainutlaatuista luontoa ja tunturimaisemaa sek\u00e4 toimia niin, ett\u00e4 alueen omaleimaisuus s\u00e4ilyy. Lis\u00e4ksi yhdistyksen tarkoituksena on olla yhteisty\u00f6ss\u00e4 toimivien vaikuttajien kanssa ja pit\u00e4\u00e4 huolta m\u00f6kinomistajien ja muiden lomailijoiden erityistarpeista.<\/p>\n<ul>\n<li><strong>Leif Ramm-Schmidt<\/strong><\/li>\n<\/ul>\n<p><strong>Yll\u00e4ksen matkailuyhdistys<\/strong><\/p>\n<h2>Yritykset<\/h2>\n<p><strong>Destination Lapland<\/strong><\/p>\n<ul>\n<li>Mauri Kuru<\/li>\n<\/ul>\n<p><strong>Jounin Kauppa<\/strong><\/p>\n<ul>\n<li>Sampo Kaulanen<\/li>\n<\/ul>\n<p><strong>Lapland Hotels<\/strong><\/p>\n<p><strong>Yll\u00e4ksen matkailu<\/strong><\/p>\n<h2>Kyl\u00e4l\u00e4iset<\/h2>\n<p>Heli Kaulanen<\/p>\n<p>Mikko Lipponen<\/p>\n<h2>Sosialisessa mediassa<\/h2>\n<p><a href=\"https:\/\/www.facebook.com\/proyllas\" target=\"_blank\" rel=\"noopener\">Pro Yll\u00e4s<\/a> @proyllas<br \/>\n<a href=\"https:\/\/www.facebook.com\/hannukaisenkaivos\" target=\"_blank\" rel=\"noopener\">Yll\u00e4s ilman kaivoksia<\/a>[\/vc_column_text][\/vc_column][vc_column width=&#8221;1\/4&#8243;][vc_widget_sidebar sidebar_id=&#8221;sidebar-shop&#8221;][\/vc_column][\/vc_row][vc_row row_type=&#8221;row&#8221; use_row_as_full_screen_section=&#8221;no&#8221; type=&#8221;full_width&#8221; text_align=&#8221;left&#8221; box_shadow_on_row=&#8221;no&#8221;][vc_column][vc_empty_space height=&#8221;50px&#8221; image_repeat=&#8221;no-repeat&#8221;][\/vc_column][\/vc_row]<\/p>\n","protected":false},"excerpt":{"rendered":"<p>[vc_row row_type=&#8221;row&#8221; use_row_as_full_screen_section=&#8221;no&#8221; type=&#8221;full_width&#8221; text_align=&#8221;left&#8221; box_shadow_on_row=&#8221;no&#8221;][vc_column width=&#8221;3\/4&#8243;][vc_column_text] Pro Yll\u00e4s &#8211; Yll\u00e4s ilman kaivoksia Lapin puhtaan luonnon puolesta Pro Yll\u00e4s &#8211; Yll\u00e4s ilman kaivoksia yhdist\u00e4\u00e4 kaikki alueen toimijat Hannukaisen kaivoksen vastaisessa&#8230;<\/p>\n","protected":false},"author":1,"featured_media":350085,"parent":0,"menu_order":0,"comment_status":"closed","ping_status":"closed","template":"","meta":{"spay_email":""},"jetpack_sharing_enabled":true,"jetpack_shortlink":"https:\/\/wp.me\/PaGOrL-1t4w","_links":{"self":[{"href":"https:\/\/proyllas.fi\/wp\/wp-json\/wp\/v2\/pages\/350084"}],"collection":[{"href":"https:\/\/proyllas.fi\/wp\/wp-json\/wp\/v2\/pages"}],"about":[{"href":"https:\/\/proyllas.fi\/wp\/wp-json\/wp\/v2\/types\/page"}],"author":[{"embeddable":true,"href":"https:\/\/proyllas.fi\/wp\/wp-json\/wp\/v2\/users\/1"}],"replies":[{"embeddable":true,"href":"https:\/\/proyllas.fi\/wp\/wp-json\/wp\/v2\/comments?post=350084"}],"version-history":[{"count":5,"href":"https:\/\/proyllas.fi\/wp\/wp-json\/wp\/v2\/pages\/350084\/revisions"}],"predecessor-version":[{"id":350494,"href":"https:\/\/proyllas.fi\/wp\/wp-json\/wp\/v2\/pages\/350084\/revisions\/350494"}],"wp:featuredmedia":[{"embeddable":true,"href":"https:\/\/proyllas.fi\/wp\/wp-json\/wp\/v2\/media\/350085"}],"wp:attachment":[{"href":"https:\/\/proyllas.fi\/wp\/wp-json\/wp\/v2\/media?parent=350084"}],"curies":[{"name":"wp","href":"https:\/\/api.w.org\/{rel}","templated":true}]}}