{"id":263,"date":"2019-02-06T14:37:20","date_gmt":"2019-02-06T12:37:20","guid":{"rendered":"http:\/\/proyllas.fi\/wp\/?page_id=263"},"modified":"2019-03-21T20:46:36","modified_gmt":"2019-03-21T18:46:36","slug":"kaivoskaava","status":"publish","type":"page","link":"https:\/\/proyllas.fi\/wp\/lisamateriaalia\/kaivoskaava\/","title":{"rendered":"Kaivoskaava"},"content":{"rendered":"<div id=\"fb-root\"><\/div>\n<p>[vc_row row_type=&#8221;row&#8221; use_row_as_full_screen_section=&#8221;no&#8221; type=&#8221;full_width&#8221; text_align=&#8221;left&#8221; box_shadow_on_row=&#8221;no&#8221;][vc_column width=&#8221;3\/4&#8243;][vc_column_text]<\/p>\n<h1>Hannukaisen kaivoksen osayleiskaava<\/h1>\n<h2>Pro Yll\u00e4ksen kommentit, muistiot ja lausunnot<\/h2>\n<ul>\n<li><a href=\"https:\/\/proyllas.fi\/wp\/wp-content\/uploads\/2019\/03\/Liite-10-Kaavakommentit-Ramm-Schmidt-20190209.pdf\" target=\"_blank\" rel=\"attachment noopener wp-att-349934 noreferrer\">Asiantuntijalausunto &#8211; Kaavakommentit Leif Ramm-Schmidt<\/a> 9.2.2019<a href=\"https:\/\/proyllas.fi\/wp\/kaivoksesta\/attachment\/yllas_-kaivoskaava2_2016_2-2\/\" rel=\"attachment wp-att-349919\"><img data-attachment-id=\"349919\" data-permalink=\"https:\/\/proyllas.fi\/wp\/kaivoksesta\/attachment\/yllas_-kaivoskaava2_2016_2-2\/\" data-orig-file=\"https:\/\/i0.wp.com\/proyllas.fi\/wp\/wp-content\/uploads\/2019\/03\/Yll\u00e4s_-Kaivoskaava2_2016_2.png?fit=1200%2C1141&amp;ssl=1\" data-orig-size=\"1200,1141\" data-comments-opened=\"1\" data-image-meta=\"{&quot;aperture&quot;:&quot;0&quot;,&quot;credit&quot;:&quot;&quot;,&quot;camera&quot;:&quot;&quot;,&quot;caption&quot;:&quot;&quot;,&quot;created_timestamp&quot;:&quot;0&quot;,&quot;copyright&quot;:&quot;&quot;,&quot;focal_length&quot;:&quot;0&quot;,&quot;iso&quot;:&quot;0&quot;,&quot;shutter_speed&quot;:&quot;0&quot;,&quot;title&quot;:&quot;&quot;,&quot;orientation&quot;:&quot;0&quot;}\" data-image-title=\"Yll\u00e4s_-Kaivoskaava2_2016_2\" data-image-description=\"\" data-medium-file=\"https:\/\/i0.wp.com\/proyllas.fi\/wp\/wp-content\/uploads\/2019\/03\/Yll\u00e4s_-Kaivoskaava2_2016_2.png?fit=300%2C285&amp;ssl=1\" data-large-file=\"https:\/\/i0.wp.com\/proyllas.fi\/wp\/wp-content\/uploads\/2019\/03\/Yll\u00e4s_-Kaivoskaava2_2016_2.png?fit=1024%2C974&amp;ssl=1\" loading=\"lazy\" class=\"wp-image-349919 alignright\" src=\"https:\/\/i0.wp.com\/proyllas.fi\/wp\/wp-content\/uploads\/2019\/03\/Yll\u00e4s_-Kaivoskaava2_2016_2.png?resize=400%2C380&#038;ssl=1\" alt=\"\" width=\"400\" height=\"380\" srcset=\"https:\/\/i0.wp.com\/proyllas.fi\/wp\/wp-content\/uploads\/2019\/03\/Yll\u00e4s_-Kaivoskaava2_2016_2.png?resize=1024%2C974&amp;ssl=1 1024w, https:\/\/i0.wp.com\/proyllas.fi\/wp\/wp-content\/uploads\/2019\/03\/Yll\u00e4s_-Kaivoskaava2_2016_2.png?resize=300%2C285&amp;ssl=1 300w, https:\/\/i0.wp.com\/proyllas.fi\/wp\/wp-content\/uploads\/2019\/03\/Yll\u00e4s_-Kaivoskaava2_2016_2.png?resize=768%2C730&amp;ssl=1 768w, https:\/\/i0.wp.com\/proyllas.fi\/wp\/wp-content\/uploads\/2019\/03\/Yll\u00e4s_-Kaivoskaava2_2016_2.png?resize=700%2C666&amp;ssl=1 700w, https:\/\/i0.wp.com\/proyllas.fi\/wp\/wp-content\/uploads\/2019\/03\/Yll\u00e4s_-Kaivoskaava2_2016_2.png?w=1200&amp;ssl=1 1200w\" sizes=\"(max-width: 400px) 100vw, 400px\" data-recalc-dims=\"1\" \/><\/a><\/li>\n<li><a href=\"https:\/\/proyllas.fi\/wp\/wp-content\/uploads\/2019\/03\/Liite-3_2-Jokiseura-kaivoskaava-201805.pdf\" target=\"_blank\" rel=\"attachment noopener wp-att-349940 noreferrer\">Kannanotto Hannukaisen kaava-alueen pohjavedet Jokiseura<\/a> 1.5.2018<\/li>\n<li><a href=\"https:\/\/proyllas.fi\/wp\/wp-content\/uploads\/2019\/03\/Asiantuntijalausunto_Kari-Heiskanen_300418.pdf\" target=\"_blank\" rel=\"attachment noopener wp-att-350154 noreferrer\">Asiantuntijalausunto &#8211; Osayleiskaava &#8211; Heiskanen<\/a> 30.4.2018<\/li>\n<li><a href=\"https:\/\/proyllas.fi\/wp\/wp-content\/uploads\/2019\/03\/Asiantuntijalausunto_Leif-Ramm-Schmidt_260418.pdf\" target=\"_blank\" rel=\"attachment noopener wp-att-349937 noreferrer\">Asiantuntijalausunto &#8211; Kaavakommentit Leif Ramm-Schmidt<\/a> 26.4.2018<\/li>\n<\/ul>\n<h2>Kolarin kunnan kaavoituksesta<\/h2>\n<p>Kolarin kunnan sivuilta l\u00f6ytyy kaikki <a href=\"https:\/\/www.kolari.fi\/fi\/palvelut\/asuminen-ja-rakentaminen\/kaavoitus.html\" target=\"_blank\" rel=\"noopener noreferrer\">Hannukaisen kaivosalueen osayleiskaavaan liittyv\u00e4t asiakikrjat.<\/a>[\/vc_column_text][\/vc_column][vc_column width=&#8221;1\/4&#8243;][vc_single_image image=&#8221;350058&#8243; img_size=&#8221;large&#8221; add_caption=&#8221;yes&#8221; alignment=&#8221;center&#8221; onclick=&#8221;custom_link&#8221; img_link_target=&#8221;_blank&#8221; link=&#8221;https:\/\/www.hannukainenmining.fi\/ajankohtaista-2\/videot.html&#8221;][vc_empty_space height=&#8221;15px&#8221; image_repeat=&#8221;no-repeat&#8221;][vc_text_separator title=&#8221;Fakta&#8221; text_in_box=&#8221;no&#8221; text_position=&#8221;center&#8221; line_color=&#8221;#005a99&#8243; animation=&#8221;default&#8221; line_border_style=&#8221;solid&#8221; line_dots=&#8221;yes&#8221; title_color=&#8221;#005a99&#8243; line_dots_color=&#8221;#005a99&#8243;][vc_column_text]<\/p>\n<p style=\"text-align: center;\">Kaivosta on suunniteltu jo 14 vuotta ja yht\u00e4 pitk\u00e4 on ollut taistelu sit\u00e4 vastaan. Pitkittynyt ep\u00e4varmuus tulevaisuudesta tuottaa kielteisi\u00e4 sosiaalisia ja psykologisia vaikutuksia. Hanke vaikuttaa my\u00f6s negatiivisesti matkailun investointeihin ja kiinteist\u00f6jen arvoon.<\/p>\n<p>[\/vc_column_text][vc_empty_space image_repeat=&#8221;no-repeat&#8221;][vc_widget_sidebar sidebar_id=&#8221;sidebar_page&#8221;][\/vc_column][\/vc_row][vc_row row_type=&#8221;row&#8221; use_row_as_full_screen_section=&#8221;no&#8221; type=&#8221;full_width&#8221; text_align=&#8221;left&#8221; box_shadow_on_row=&#8221;no&#8221;][vc_column][vc_empty_space height=&#8221;50px&#8221; image_repeat=&#8221;no-repeat&#8221;][\/vc_column][\/vc_row]<\/p>\n","protected":false},"excerpt":{"rendered":"<p>[vc_row row_type=&#8221;row&#8221; use_row_as_full_screen_section=&#8221;no&#8221; type=&#8221;full_width&#8221; text_align=&#8221;left&#8221; box_shadow_on_row=&#8221;no&#8221;][vc_column width=&#8221;3\/4&#8243;][vc_column_text] Hannukaisen kaivoksen osayleiskaava Pro Yll\u00e4ksen kommentit, muistiot ja lausunnot Asiantuntijalausunto &#8211; Kaavakommentit Leif Ramm-Schmidt 9.2.2019 Kannanotto Hannukaisen kaava-alueen pohjavedet Jokiseura 1.5.2018 Asiantuntijalausunto &#8211;&#8230;<\/p>\n","protected":false},"author":1,"featured_media":349943,"parent":348560,"menu_order":0,"comment_status":"closed","ping_status":"closed","template":"","meta":{"spay_email":""},"jetpack_sharing_enabled":true,"jetpack_shortlink":"https:\/\/wp.me\/PaGOrL-4f","_links":{"self":[{"href":"https:\/\/proyllas.fi\/wp\/wp-json\/wp\/v2\/pages\/263"}],"collection":[{"href":"https:\/\/proyllas.fi\/wp\/wp-json\/wp\/v2\/pages"}],"about":[{"href":"https:\/\/proyllas.fi\/wp\/wp-json\/wp\/v2\/types\/page"}],"author":[{"embeddable":true,"href":"https:\/\/proyllas.fi\/wp\/wp-json\/wp\/v2\/users\/1"}],"replies":[{"embeddable":true,"href":"https:\/\/proyllas.fi\/wp\/wp-json\/wp\/v2\/comments?post=263"}],"version-history":[{"count":16,"href":"https:\/\/proyllas.fi\/wp\/wp-json\/wp\/v2\/pages\/263\/revisions"}],"predecessor-version":[{"id":350158,"href":"https:\/\/proyllas.fi\/wp\/wp-json\/wp\/v2\/pages\/263\/revisions\/350158"}],"up":[{"embeddable":true,"href":"https:\/\/proyllas.fi\/wp\/wp-json\/wp\/v2\/pages\/348560"}],"wp:featuredmedia":[{"embeddable":true,"href":"https:\/\/proyllas.fi\/wp\/wp-json\/wp\/v2\/media\/349943"}],"wp:attachment":[{"href":"https:\/\/proyllas.fi\/wp\/wp-json\/wp\/v2\/media?parent=263"}],"curies":[{"name":"wp","href":"https:\/\/api.w.org\/{rel}","templated":true}]}}